{"id":37,"date":"2018-03-19T19:11:50","date_gmt":"2018-03-19T19:11:50","guid":{"rendered":"https:\/\/azizsaintlaurent.com\/home\/"},"modified":"2018-03-22T18:19:22","modified_gmt":"2018-03-22T18:19:22","slug":"home","status":"publish","type":"page","link":"https:\/\/azizsaintlaurent.com\/pt-pt\/","title":{"rendered":"Home"},"content":{"rendered":"<p>Passeios de um dia para o <strong>Marrocos<\/strong> :<\/p>\n<p>Com um guia privado voc\u00ea pode ver muito mais do que o habitual tur\u00edstica.<br \/>\nVoc\u00ea receber\u00e1 tratamento profissional sobre todos os seus planos de viagem e recomenda\u00e7\u00f5es para ajud\u00e1-lo a tirar o m\u00e1ximo proveito da sua visita a T\u00e2nger .<\/p>\n<p>N\u00f3s os guiaremos excurs\u00f5es privadas e personalizados feitas para casais ou grupos e oferecemos uma ampla gama de op\u00e7\u00f5es de passeios .<\/p>\n<p>Voc\u00ea decide o que voc\u00ea gostaria de fazer. N\u00f3s fazemos acontecer.<\/p>\n","protected":false},"excerpt":{"rendered":"<p>Passeios de um dia para o Marrocos : Com um guia privado voc\u00ea pode ver muito mais do que o habitual tur\u00edstica. Voc\u00ea receber\u00e1 tratamento profissional sobre todos os seus planos de viagem e recomenda\u00e7\u00f5es para ajud\u00e1-lo a tirar o m\u00e1ximo proveito da sua visita a T\u00e2nger . N\u00f3s os guiaremos excurs\u00f5es privadas e personalizados [&hellip;]<\/p>\n","protected":false},"author":1,"featured_media":0,"parent":0,"menu_order":0,"comment_status":"closed","ping_status":"closed","template":"","meta":{"footnotes":""},"class_list":["post-37","page","type-page","status-publish","hentry"],"_links":{"self":[{"href":"https:\/\/azizsaintlaurent.com\/pt-pt\/wp-json\/wp\/v2\/pages\/37","targetHints":{"allow":["GET"]}}],"collection":[{"href":"https:\/\/azizsaintlaurent.com\/pt-pt\/wp-json\/wp\/v2\/pages"}],"about":[{"href":"https:\/\/azizsaintlaurent.com\/pt-pt\/wp-json\/wp\/v2\/types\/page"}],"author":[{"embeddable":true,"href":"https:\/\/azizsaintlaurent.com\/pt-pt\/wp-json\/wp\/v2\/users\/1"}],"replies":[{"embeddable":true,"href":"https:\/\/azizsaintlaurent.com\/pt-pt\/wp-json\/wp\/v2\/comments?post=37"}],"version-history":[{"count":10,"href":"https:\/\/azizsaintlaurent.com\/pt-pt\/wp-json\/wp\/v2\/pages\/37\/revisions"}],"predecessor-version":[{"id":546,"href":"https:\/\/azizsaintlaurent.com\/pt-pt\/wp-json\/wp\/v2\/pages\/37\/revisions\/546"}],"wp:attachment":[{"href":"https:\/\/azizsaintlaurent.com\/pt-pt\/wp-json\/wp\/v2\/media?parent=37"}],"curies":[{"name":"wp","href":"https:\/\/api.w.org\/{rel}","templated":true}]}}