{"id":186,"date":"2018-03-21T14:49:13","date_gmt":"2018-03-21T14:49:13","guid":{"rendered":"https:\/\/azizsaintlaurent.com\/?page_id=186"},"modified":"2018-03-21T14:49:13","modified_gmt":"2018-03-21T14:49:13","slug":"tours","status":"publish","type":"page","link":"https:\/\/azizsaintlaurent.com\/pt-pt\/tours\/","title":{"rendered":"Tours"},"content":{"rendered":"<h1>Tours<\/h1>\n<p>Mr. Saint Laurent \u00e9 um dos mais famosos e guia qualificado que voc\u00ea ter\u00e1 em Marrocos. Ele oferece um servi\u00e7o feito sob medida para pequenos grupos e se orgulha de seu servi\u00e7o VIP exclusivo . Aziz vai adaptar o seu dia exatamente como voc\u00ea escolher. Basta escolher o seu local e o tipo de perman\u00eancia (ou muitos) e Aziz ir\u00e1 propor a voc\u00ea o melhor planejamento para sua necessidade, disponibilidade e tempo de perman\u00eancia em Marrocos.<\/p>\n<p><img loading=\"lazy\" decoding=\"async\" class=\"size-full wp-image-187 aligncenter\" src=\"https:\/\/azizsaintlaurent.com\/wp-content\/uploads\/2018\/03\/tours1-6.jpg\" alt=\"\" width=\"600\" height=\"600\" srcset=\"https:\/\/azizsaintlaurent.com\/wp-content\/uploads\/2018\/03\/tours1-6.jpg 600w, https:\/\/azizsaintlaurent.com\/wp-content\/uploads\/2018\/03\/tours1-6-150x150.jpg 150w, https:\/\/azizsaintlaurent.com\/wp-content\/uploads\/2018\/03\/tours1-6-300x300.jpg 300w, https:\/\/azizsaintlaurent.com\/wp-content\/uploads\/2018\/03\/tours1-6-100x100.jpg 100w\" sizes=\"auto, (max-width: 600px) 100vw, 600px\" \/><\/p>\n","protected":false},"excerpt":{"rendered":"<p>Tours Mr. Saint Laurent \u00e9 um dos mais famosos e guia qualificado que voc\u00ea ter\u00e1 em Marrocos. Ele oferece um servi\u00e7o feito sob medida para pequenos grupos e se orgulha de seu servi\u00e7o VIP exclusivo . Aziz vai adaptar o seu dia exatamente como voc\u00ea escolher. Basta escolher o seu local e o tipo de [&hellip;]<\/p>\n","protected":false},"author":1,"featured_media":0,"parent":0,"menu_order":0,"comment_status":"closed","ping_status":"closed","template":"","meta":{"footnotes":""},"class_list":["post-186","page","type-page","status-publish","hentry"],"_links":{"self":[{"href":"https:\/\/azizsaintlaurent.com\/pt-pt\/wp-json\/wp\/v2\/pages\/186","targetHints":{"allow":["GET"]}}],"collection":[{"href":"https:\/\/azizsaintlaurent.com\/pt-pt\/wp-json\/wp\/v2\/pages"}],"about":[{"href":"https:\/\/azizsaintlaurent.com\/pt-pt\/wp-json\/wp\/v2\/types\/page"}],"author":[{"embeddable":true,"href":"https:\/\/azizsaintlaurent.com\/pt-pt\/wp-json\/wp\/v2\/users\/1"}],"replies":[{"embeddable":true,"href":"https:\/\/azizsaintlaurent.com\/pt-pt\/wp-json\/wp\/v2\/comments?post=186"}],"version-history":[{"count":1,"href":"https:\/\/azizsaintlaurent.com\/pt-pt\/wp-json\/wp\/v2\/pages\/186\/revisions"}],"predecessor-version":[{"id":188,"href":"https:\/\/azizsaintlaurent.com\/pt-pt\/wp-json\/wp\/v2\/pages\/186\/revisions\/188"}],"wp:attachment":[{"href":"https:\/\/azizsaintlaurent.com\/pt-pt\/wp-json\/wp\/v2\/media?parent=186"}],"curies":[{"name":"wp","href":"https:\/\/api.w.org\/{rel}","templated":true}]}}