{"id":180,"date":"2018-03-21T14:44:55","date_gmt":"2018-03-21T14:44:55","guid":{"rendered":"https:\/\/azizsaintlaurent.com\/?page_id=180"},"modified":"2018-03-21T14:44:55","modified_gmt":"2018-03-21T14:44:55","slug":"tours","status":"publish","type":"page","link":"https:\/\/azizsaintlaurent.com\/it\/tours\/","title":{"rendered":"Tours"},"content":{"rendered":"<h1>Tours<\/h1>\n<p>Il signor Saint Laurent \u00e8 una delle guide pi\u00f9 note e qualificate di Tangeri, vi permetter\u00e0 di trascorrere il vostro soggiorno al meglio. Egli fornisce un servizio su misura personalizzato per singoli o per piccoli gruppi. Ha consolidata esperienza nel proporre anche servizi esclusivi per i VIP. Aziz ottimizzer\u00e0 il vostro viaggio nel migliore dei modi Basta scegliere luogo e tipo di soggiorno\/i desiderato\/i e Aziz vi proporr\u00e0 la migliore e pi\u00f9 conveniente pianificazione del vostro tempo. Ecco alcune idee:<\/p>\n<p><img loading=\"lazy\" decoding=\"async\" class=\"size-full wp-image-181 aligncenter\" src=\"https:\/\/azizsaintlaurent.com\/wp-content\/uploads\/2018\/03\/tours1-4.jpg\" alt=\"\" width=\"600\" height=\"600\" srcset=\"https:\/\/azizsaintlaurent.com\/wp-content\/uploads\/2018\/03\/tours1-4.jpg 600w, https:\/\/azizsaintlaurent.com\/wp-content\/uploads\/2018\/03\/tours1-4-150x150.jpg 150w, https:\/\/azizsaintlaurent.com\/wp-content\/uploads\/2018\/03\/tours1-4-300x300.jpg 300w, https:\/\/azizsaintlaurent.com\/wp-content\/uploads\/2018\/03\/tours1-4-100x100.jpg 100w\" sizes=\"auto, (max-width: 600px) 100vw, 600px\" \/><\/p>\n","protected":false},"excerpt":{"rendered":"<p>Tours Il signor Saint Laurent \u00e8 una delle guide pi\u00f9 note e qualificate di Tangeri, vi permetter\u00e0 di trascorrere il vostro soggiorno al meglio. Egli fornisce un servizio su misura personalizzato per singoli o per piccoli gruppi. Ha consolidata esperienza nel proporre anche servizi esclusivi per i VIP. Aziz ottimizzer\u00e0 il vostro viaggio nel migliore [&hellip;]<\/p>\n","protected":false},"author":1,"featured_media":0,"parent":0,"menu_order":0,"comment_status":"closed","ping_status":"closed","template":"","meta":{"footnotes":""},"class_list":["post-180","page","type-page","status-publish","hentry"],"_links":{"self":[{"href":"https:\/\/azizsaintlaurent.com\/it\/wp-json\/wp\/v2\/pages\/180","targetHints":{"allow":["GET"]}}],"collection":[{"href":"https:\/\/azizsaintlaurent.com\/it\/wp-json\/wp\/v2\/pages"}],"about":[{"href":"https:\/\/azizsaintlaurent.com\/it\/wp-json\/wp\/v2\/types\/page"}],"author":[{"embeddable":true,"href":"https:\/\/azizsaintlaurent.com\/it\/wp-json\/wp\/v2\/users\/1"}],"replies":[{"embeddable":true,"href":"https:\/\/azizsaintlaurent.com\/it\/wp-json\/wp\/v2\/comments?post=180"}],"version-history":[{"count":1,"href":"https:\/\/azizsaintlaurent.com\/it\/wp-json\/wp\/v2\/pages\/180\/revisions"}],"predecessor-version":[{"id":182,"href":"https:\/\/azizsaintlaurent.com\/it\/wp-json\/wp\/v2\/pages\/180\/revisions\/182"}],"wp:attachment":[{"href":"https:\/\/azizsaintlaurent.com\/it\/wp-json\/wp\/v2\/media?parent=180"}],"curies":[{"name":"wp","href":"https:\/\/api.w.org\/{rel}","templated":true}]}}