{"id":31,"date":"2018-03-19T19:11:50","date_gmt":"2018-03-19T19:11:50","guid":{"rendered":"https:\/\/azizsaintlaurent.com\/?page_id=31"},"modified":"2018-03-22T17:28:30","modified_gmt":"2018-03-22T17:28:30","slug":"home","status":"publish","type":"page","link":"https:\/\/azizsaintlaurent.com\/fr\/","title":{"rendered":"Accueil"},"content":{"rendered":"<p>Excursions au <strong>Maroc<\/strong> :<\/p>\n<p>Avec un guide priv\u00e9, vous pouvez voir beaucoup plus que le touriste ordinaire.<br \/>\nVous recevrez des conseils professionnels sur tous vos projets de voyage et des recommandations \u00e9clair\u00e9es pour vous aider \u00e0 tirer le meilleur parti de votre visite.<\/p>\n<p>Nous concevons des visites priv\u00e9es sur mesure pour les couples et petits groupes et offrons un large \u00e9ventail de possibilit\u00e9s d\u2019excursions.<\/p>\n<p>Choisissez ce que vous souhaitez faire. Nous nous occuperons du reste.<\/p>\n","protected":false},"excerpt":{"rendered":"<p>Excursions au Maroc : Avec un guide priv\u00e9, vous pouvez voir beaucoup plus que le touriste ordinaire. Vous recevrez des conseils professionnels sur tous vos projets de voyage et des recommandations \u00e9clair\u00e9es pour vous aider \u00e0 tirer le meilleur parti de votre visite. Nous concevons des visites priv\u00e9es sur mesure pour les couples et petits [&hellip;]<\/p>\n","protected":false},"author":1,"featured_media":0,"parent":0,"menu_order":0,"comment_status":"closed","ping_status":"closed","template":"","meta":{"footnotes":""},"class_list":["post-31","page","type-page","status-publish","hentry"],"_links":{"self":[{"href":"https:\/\/azizsaintlaurent.com\/fr\/wp-json\/wp\/v2\/pages\/31","targetHints":{"allow":["GET"]}}],"collection":[{"href":"https:\/\/azizsaintlaurent.com\/fr\/wp-json\/wp\/v2\/pages"}],"about":[{"href":"https:\/\/azizsaintlaurent.com\/fr\/wp-json\/wp\/v2\/types\/page"}],"author":[{"embeddable":true,"href":"https:\/\/azizsaintlaurent.com\/fr\/wp-json\/wp\/v2\/users\/1"}],"replies":[{"embeddable":true,"href":"https:\/\/azizsaintlaurent.com\/fr\/wp-json\/wp\/v2\/comments?post=31"}],"version-history":[{"count":6,"href":"https:\/\/azizsaintlaurent.com\/fr\/wp-json\/wp\/v2\/pages\/31\/revisions"}],"predecessor-version":[{"id":446,"href":"https:\/\/azizsaintlaurent.com\/fr\/wp-json\/wp\/v2\/pages\/31\/revisions\/446"}],"wp:attachment":[{"href":"https:\/\/azizsaintlaurent.com\/fr\/wp-json\/wp\/v2\/media?parent=31"}],"curies":[{"name":"wp","href":"https:\/\/api.w.org\/{rel}","templated":true}]}}