{"id":169,"date":"2018-03-21T14:35:14","date_gmt":"2018-03-21T14:35:14","guid":{"rendered":"https:\/\/azizsaintlaurent.com\/?page_id=169"},"modified":"2018-03-21T14:35:14","modified_gmt":"2018-03-21T14:35:14","slug":"tours","status":"publish","type":"page","link":"https:\/\/azizsaintlaurent.com\/fr\/tours\/","title":{"rendered":"Tours"},"content":{"rendered":"<h1>Tours<\/h1>\n<p>M. Saint Laurent est l&rsquo;un des guides les plus c\u00e9l\u00e8bres et qualifi\u00e9s de la place. Il offre un service individualis\u00e9 \u00e0 de petits groupes. Il est fier de son service exclusif VIP. Aziz adaptera votre s\u00e9jour exactement \u00e0 vos besoins.<br \/>\nChoisissez ce qui vous int\u00e9resse, Nous nous occuperons du reste.<\/p>\n<p><img loading=\"lazy\" decoding=\"async\" class=\"size-full wp-image-170 aligncenter\" src=\"https:\/\/azizsaintlaurent.com\/wp-content\/uploads\/2018\/03\/tours1-1.jpg\" alt=\"\" width=\"600\" height=\"600\" srcset=\"https:\/\/azizsaintlaurent.com\/wp-content\/uploads\/2018\/03\/tours1-1.jpg 600w, https:\/\/azizsaintlaurent.com\/wp-content\/uploads\/2018\/03\/tours1-1-150x150.jpg 150w, https:\/\/azizsaintlaurent.com\/wp-content\/uploads\/2018\/03\/tours1-1-300x300.jpg 300w, https:\/\/azizsaintlaurent.com\/wp-content\/uploads\/2018\/03\/tours1-1-100x100.jpg 100w\" sizes=\"auto, (max-width: 600px) 100vw, 600px\" \/><\/p>\n","protected":false},"excerpt":{"rendered":"<p>Tours M. Saint Laurent est l&rsquo;un des guides les plus c\u00e9l\u00e8bres et qualifi\u00e9s de la place. Il offre un service individualis\u00e9 \u00e0 de petits groupes. Il est fier de son service exclusif VIP. Aziz adaptera votre s\u00e9jour exactement \u00e0 vos besoins. Choisissez ce qui vous int\u00e9resse, Nous nous occuperons du reste.<\/p>\n","protected":false},"author":1,"featured_media":0,"parent":0,"menu_order":0,"comment_status":"closed","ping_status":"closed","template":"","meta":{"footnotes":""},"class_list":["post-169","page","type-page","status-publish","hentry"],"_links":{"self":[{"href":"https:\/\/azizsaintlaurent.com\/fr\/wp-json\/wp\/v2\/pages\/169","targetHints":{"allow":["GET"]}}],"collection":[{"href":"https:\/\/azizsaintlaurent.com\/fr\/wp-json\/wp\/v2\/pages"}],"about":[{"href":"https:\/\/azizsaintlaurent.com\/fr\/wp-json\/wp\/v2\/types\/page"}],"author":[{"embeddable":true,"href":"https:\/\/azizsaintlaurent.com\/fr\/wp-json\/wp\/v2\/users\/1"}],"replies":[{"embeddable":true,"href":"https:\/\/azizsaintlaurent.com\/fr\/wp-json\/wp\/v2\/comments?post=169"}],"version-history":[{"count":1,"href":"https:\/\/azizsaintlaurent.com\/fr\/wp-json\/wp\/v2\/pages\/169\/revisions"}],"predecessor-version":[{"id":171,"href":"https:\/\/azizsaintlaurent.com\/fr\/wp-json\/wp\/v2\/pages\/169\/revisions\/171"}],"wp:attachment":[{"href":"https:\/\/azizsaintlaurent.com\/fr\/wp-json\/wp\/v2\/media?parent=169"}],"curies":[{"name":"wp","href":"https:\/\/api.w.org\/{rel}","templated":true}]}}