{"id":39,"date":"2018-03-19T19:11:50","date_gmt":"2018-03-19T19:11:50","guid":{"rendered":"https:\/\/azizsaintlaurent.com\/home\/"},"modified":"2018-03-22T17:38:21","modified_gmt":"2018-03-22T17:38:21","slug":"home","status":"publish","type":"page","link":"https:\/\/azizsaintlaurent.com\/es\/","title":{"rendered":"Inicio"},"content":{"rendered":"<p>Viajes de un d\u00eda a <strong>Marruecos<\/strong> :<\/p>\n<p>Con un gu\u00eda privado se puede ver mucho m\u00e1s que el recorrido habitual.<br \/>\nUsted recibir\u00e1 un asesoramiento profesional y consejos para sus planes de viaje, para ayudarle a sacar el m\u00e1ximo provecho de su visita a Marruecos.<\/p>\n<p>Dise\u00f1amos visitas privadas a medida para individuales, parejas o grupos y ofrecemos una amplia gama de posibilidades de viaje.<\/p>\n<p>T\u00fa decides lo que quieres hacer y ver. Nosotros nos ocupamos del resto.<\/p>\n","protected":false},"excerpt":{"rendered":"<p>Viajes de un d\u00eda a Marruecos : Con un gu\u00eda privado se puede ver mucho m\u00e1s que el recorrido habitual. Usted recibir\u00e1 un asesoramiento profesional y consejos para sus planes de viaje, para ayudarle a sacar el m\u00e1ximo provecho de su visita a Marruecos. Dise\u00f1amos visitas privadas a medida para individuales, parejas o grupos y [&hellip;]<\/p>\n","protected":false},"author":1,"featured_media":0,"parent":0,"menu_order":0,"comment_status":"closed","ping_status":"closed","template":"","meta":{"footnotes":""},"class_list":["post-39","page","type-page","status-publish","hentry"],"_links":{"self":[{"href":"https:\/\/azizsaintlaurent.com\/es\/wp-json\/wp\/v2\/pages\/39","targetHints":{"allow":["GET"]}}],"collection":[{"href":"https:\/\/azizsaintlaurent.com\/es\/wp-json\/wp\/v2\/pages"}],"about":[{"href":"https:\/\/azizsaintlaurent.com\/es\/wp-json\/wp\/v2\/types\/page"}],"author":[{"embeddable":true,"href":"https:\/\/azizsaintlaurent.com\/es\/wp-json\/wp\/v2\/users\/1"}],"replies":[{"embeddable":true,"href":"https:\/\/azizsaintlaurent.com\/es\/wp-json\/wp\/v2\/comments?post=39"}],"version-history":[{"count":12,"href":"https:\/\/azizsaintlaurent.com\/es\/wp-json\/wp\/v2\/pages\/39\/revisions"}],"predecessor-version":[{"id":464,"href":"https:\/\/azizsaintlaurent.com\/es\/wp-json\/wp\/v2\/pages\/39\/revisions\/464"}],"wp:attachment":[{"href":"https:\/\/azizsaintlaurent.com\/es\/wp-json\/wp\/v2\/media?parent=39"}],"curies":[{"name":"wp","href":"https:\/\/api.w.org\/{rel}","templated":true}]}}