{"id":192,"date":"2018-03-21T14:53:24","date_gmt":"2018-03-21T14:53:24","guid":{"rendered":"https:\/\/azizsaintlaurent.com\/?page_id=192"},"modified":"2018-03-21T14:53:24","modified_gmt":"2018-03-21T14:53:24","slug":"tours","status":"publish","type":"page","link":"https:\/\/azizsaintlaurent.com\/es\/tours\/","title":{"rendered":"Tours"},"content":{"rendered":"<h1>Tours<\/h1>\n<p>Aziz es uno de los gu\u00edas m\u00e1s conocidos y calificados de T\u00e1nger, le permitir\u00e1 disfrutar de su estancia al m\u00e1ximo. Ofrece un servicio personalizado adaptado a grupos peque\u00f1os. Tiene una amplia experiencia en ofrecer servicios exclusivos tambi\u00e9n para VIP\u2019s.<br \/>\nOptimizaremos su viaje de la mejor manera posible, S\u00f3lo tienes que elegir lo que le interesa, nosotros nos ocupamos del resto.<\/p>\n<p><img loading=\"lazy\" decoding=\"async\" class=\"size-full wp-image-193 aligncenter\" src=\"https:\/\/azizsaintlaurent.com\/wp-content\/uploads\/2018\/03\/tours1-8.jpg\" alt=\"\" width=\"600\" height=\"600\" srcset=\"https:\/\/azizsaintlaurent.com\/wp-content\/uploads\/2018\/03\/tours1-8.jpg 600w, https:\/\/azizsaintlaurent.com\/wp-content\/uploads\/2018\/03\/tours1-8-150x150.jpg 150w, https:\/\/azizsaintlaurent.com\/wp-content\/uploads\/2018\/03\/tours1-8-300x300.jpg 300w, https:\/\/azizsaintlaurent.com\/wp-content\/uploads\/2018\/03\/tours1-8-100x100.jpg 100w\" sizes=\"auto, (max-width: 600px) 100vw, 600px\" \/><\/p>\n","protected":false},"excerpt":{"rendered":"<p>Tours Aziz es uno de los gu\u00edas m\u00e1s conocidos y calificados de T\u00e1nger, le permitir\u00e1 disfrutar de su estancia al m\u00e1ximo. Ofrece un servicio personalizado adaptado a grupos peque\u00f1os. Tiene una amplia experiencia en ofrecer servicios exclusivos tambi\u00e9n para VIP\u2019s. Optimizaremos su viaje de la mejor manera posible, S\u00f3lo tienes que elegir lo que le [&hellip;]<\/p>\n","protected":false},"author":1,"featured_media":0,"parent":0,"menu_order":0,"comment_status":"closed","ping_status":"closed","template":"","meta":{"footnotes":""},"class_list":["post-192","page","type-page","status-publish","hentry"],"_links":{"self":[{"href":"https:\/\/azizsaintlaurent.com\/es\/wp-json\/wp\/v2\/pages\/192","targetHints":{"allow":["GET"]}}],"collection":[{"href":"https:\/\/azizsaintlaurent.com\/es\/wp-json\/wp\/v2\/pages"}],"about":[{"href":"https:\/\/azizsaintlaurent.com\/es\/wp-json\/wp\/v2\/types\/page"}],"author":[{"embeddable":true,"href":"https:\/\/azizsaintlaurent.com\/es\/wp-json\/wp\/v2\/users\/1"}],"replies":[{"embeddable":true,"href":"https:\/\/azizsaintlaurent.com\/es\/wp-json\/wp\/v2\/comments?post=192"}],"version-history":[{"count":1,"href":"https:\/\/azizsaintlaurent.com\/es\/wp-json\/wp\/v2\/pages\/192\/revisions"}],"predecessor-version":[{"id":194,"href":"https:\/\/azizsaintlaurent.com\/es\/wp-json\/wp\/v2\/pages\/192\/revisions\/194"}],"wp:attachment":[{"href":"https:\/\/azizsaintlaurent.com\/es\/wp-json\/wp\/v2\/media?parent=192"}],"curies":[{"name":"wp","href":"https:\/\/api.w.org\/{rel}","templated":true}]}}