{"id":34,"date":"2018-03-19T19:11:50","date_gmt":"2018-03-19T19:11:50","guid":{"rendered":"https:\/\/azizsaintlaurent.com\/home\/"},"modified":"2018-03-22T17:51:34","modified_gmt":"2018-03-22T17:51:34","slug":"home","status":"publish","type":"page","link":"https:\/\/azizsaintlaurent.com\/de\/","title":{"rendered":"Home"},"content":{"rendered":"<p>Tagesausfl\u00fcge nach <strong>Marokko<\/strong> :<\/p>\n<p>Mit einem privaten Guide k\u00f6nnen Sie so viel mehr erleben als \u00fcblicherweise Touristen sehen.<br \/>\nSie erhalten professionelle Beratung \u00fcber alle Ihre Reisepl\u00e4ne und Empfehlungen um das Beste aus Ihrem Tanger Besuch zu machen.<\/p>\n<p>Wir planen und f\u00fchren ma\u00dfgeschneiderte private Touren f\u00fcr Paare oder Gruppen durch. Wir bieten eine breite Palette von Tourenm\u00f6glichkeiten.<\/p>\n<p>Sie entscheiden, was Sie gerne tun w\u00fcrden. Wir machen es m\u00f6glich<\/p>\n","protected":false},"excerpt":{"rendered":"<p>Tagesausfl\u00fcge nach Marokko : Mit einem privaten Guide k\u00f6nnen Sie so viel mehr erleben als \u00fcblicherweise Touristen sehen. Sie erhalten professionelle Beratung \u00fcber alle Ihre Reisepl\u00e4ne und Empfehlungen um das Beste aus Ihrem Tanger Besuch zu machen. Wir planen und f\u00fchren ma\u00dfgeschneiderte private Touren f\u00fcr Paare oder Gruppen durch. Wir bieten eine breite Palette von [&hellip;]<\/p>\n","protected":false},"author":1,"featured_media":0,"parent":0,"menu_order":0,"comment_status":"closed","ping_status":"closed","template":"","meta":{"footnotes":""},"class_list":["post-34","page","type-page","status-publish","hentry"],"_links":{"self":[{"href":"https:\/\/azizsaintlaurent.com\/de\/wp-json\/wp\/v2\/pages\/34","targetHints":{"allow":["GET"]}}],"collection":[{"href":"https:\/\/azizsaintlaurent.com\/de\/wp-json\/wp\/v2\/pages"}],"about":[{"href":"https:\/\/azizsaintlaurent.com\/de\/wp-json\/wp\/v2\/types\/page"}],"author":[{"embeddable":true,"href":"https:\/\/azizsaintlaurent.com\/de\/wp-json\/wp\/v2\/users\/1"}],"replies":[{"embeddable":true,"href":"https:\/\/azizsaintlaurent.com\/de\/wp-json\/wp\/v2\/comments?post=34"}],"version-history":[{"count":10,"href":"https:\/\/azizsaintlaurent.com\/de\/wp-json\/wp\/v2\/pages\/34\/revisions"}],"predecessor-version":[{"id":498,"href":"https:\/\/azizsaintlaurent.com\/de\/wp-json\/wp\/v2\/pages\/34\/revisions\/498"}],"wp:attachment":[{"href":"https:\/\/azizsaintlaurent.com\/de\/wp-json\/wp\/v2\/media?parent=34"}],"curies":[{"name":"wp","href":"https:\/\/api.w.org\/{rel}","templated":true}]}}